{"id":25,"date":"2012-02-29T07:48:10","date_gmt":"2012-02-29T06:48:10","guid":{"rendered":"http:\/\/steinercomix.de\/blog\/?page_id=25"},"modified":"2015-08-01T08:28:40","modified_gmt":"2015-08-01T07:28:40","slug":"veroffentlichungen","status":"publish","type":"page","link":"https:\/\/steinercomix.de\/?page_id=25","title":{"rendered":"Ver\u00f6ffentlichungen"},"content":{"rendered":"<p><\/p>\n<h2>Illustrationen (Auswahl)<\/h2>\n<p>Deutsches \u00c4rzteblatt, Psychologie Heute, \u00a0Siegess\u00e4ule &#8211; queer Berlin,\u00a0TIP Berlin, J\u00fcdische Allgemeine<\/p>\n<h2>Comic-Beitr\u00e4ge (Auswahl)<\/h2>\n<p>JMB Journal, LeMonde Diplomatique, Renate, Moga Mobo, Panel ambixious Comix, M\u00e4nnerschwarm (D), Words Without Borders (USA), Ottar (S), L&#8217;Association (F),  BubbleGun (CS)<\/p>\n<h2>Comic-Strips<\/h2>\n<p>Deutsches Institut f\u00fcr Menschenrechte, Deutsches \u00c4rzteblatt, J\u00fcdische Allgemeine<\/p>\n<h2>Buchver\u00f6ffentlichungen<\/h2>\n<p>siehe Men\u00fcpunkt <a title=\"B\u00fccher\" href=\"http:\/\/steinercomix.de\/?page_id=180\" target=\"_blank\">B\u00fccher<\/a><\/p>","protected":false},"excerpt":{"rendered":"<p>Illustrationen (Auswahl) Deutsches \u00c4rzteblatt, Psychologie Heute, \u00a0Siegess\u00e4ule &#8211; queer Berlin,\u00a0TIP Berlin, J\u00fcdische Allgemeine Comic-Beitr\u00e4ge (Auswahl) JMB Journal, LeMonde Diplomatique, Renate, Moga Mobo, Panel ambixious Comix, M\u00e4nnerschwarm (D), Words&#8230;<\/p>\n","protected":false},"author":1,"featured_media":0,"parent":15,"menu_order":0,"comment_status":"closed","ping_status":"closed","template":"","meta":[],"_links":{"self":[{"href":"https:\/\/steinercomix.de\/index.php?rest_route=\/wp\/v2\/pages\/25"}],"collection":[{"href":"https:\/\/steinercomix.de\/index.php?rest_route=\/wp\/v2\/pages"}],"about":[{"href":"https:\/\/steinercomix.de\/index.php?rest_route=\/wp\/v2\/types\/page"}],"author":[{"embeddable":true,"href":"https:\/\/steinercomix.de\/index.php?rest_route=\/wp\/v2\/users\/1"}],"replies":[{"embeddable":true,"href":"https:\/\/steinercomix.de\/index.php?rest_route=%2Fwp%2Fv2%2Fcomments&post=25"}],"version-history":[{"count":22,"href":"https:\/\/steinercomix.de\/index.php?rest_route=\/wp\/v2\/pages\/25\/revisions"}],"predecessor-version":[{"id":357,"href":"https:\/\/steinercomix.de\/index.php?rest_route=\/wp\/v2\/pages\/25\/revisions\/357"}],"up":[{"embeddable":true,"href":"https:\/\/steinercomix.de\/index.php?rest_route=\/wp\/v2\/pages\/15"}],"wp:attachment":[{"href":"https:\/\/steinercomix.de\/index.php?rest_route=%2Fwp%2Fv2%2Fmedia&parent=25"}],"curies":[{"name":"wp","href":"https:\/\/api.w.org\/{rel}","templated":true}]}}