{"id":9,"date":"2012-02-29T07:34:31","date_gmt":"2012-02-29T06:34:31","guid":{"rendered":"http:\/\/steinercomix.de\/blog\/?page_id=9"},"modified":"2015-12-10T08:50:32","modified_gmt":"2015-12-10T07:50:32","slug":"illustrationen","status":"publish","type":"page","link":"http:\/\/steinercomix.de\/?page_id=9","title":{"rendered":"Illustration"},"content":{"rendered":"<p><\/p>\n<h6><\/h6>\n<p><a href=\"http:\/\/steinercomix.de\/wp-content\/uploads\/2015\/12\/BEKForum.gif\"><img loading=\"lazy\" src=\"http:\/\/steinercomix.de\/wp-content\/uploads\/2015\/12\/BEKForum-150x101.gif\" alt=\"BEKForum\" width=\"150\" height=\"101\" class=\"alignleft size-thumbnail wp-image-9138\" srcset=\"http:\/\/steinercomix.de\/wp-content\/uploads\/2015\/12\/BEKForum-150x101.gif 150w, http:\/\/steinercomix.de\/wp-content\/uploads\/2015\/12\/BEKForum-300x202.gif 300w, http:\/\/steinercomix.de\/wp-content\/uploads\/2015\/12\/BEKForum-1024x688.gif 1024w\" sizes=\"(max-width: 150px) 100vw, 150px\" \/><\/a><br \/>\n<em>Illustration f\u00fcr das <a href=\"http:\/\/www.kirche-bremen.de\/start\/bek_forum.php\">BEK Forum, November 2015<\/a><\/em><strong><a href=\"http:\/\/www.fluechtlingskirche.de\/\">Fl\u00fcchtlingskirche Berlin<\/a><br \/>\n<\/strong> <\/p>\n<h6><\/h6>\n<p><a href=\"http:\/\/steinercomix.de\/wp-content\/uploads\/2015\/11\/Staubtrocken.jpg\"><img loading=\"lazy\" src=\"http:\/\/steinercomix.de\/wp-content\/uploads\/2015\/11\/Staubtrocken-150x106.jpg\" alt=\"Staubtrocken\" width=\"150\" height=\"106\" class=\"alignleft size-thumbnail wp-image-9086\" srcset=\"http:\/\/steinercomix.de\/wp-content\/uploads\/2015\/11\/Staubtrocken-150x106.jpg 150w, http:\/\/steinercomix.de\/wp-content\/uploads\/2015\/11\/Staubtrocken-300x213.jpg 300w, http:\/\/steinercomix.de\/wp-content\/uploads\/2015\/11\/Staubtrocken-1024x726.jpg 1024w, http:\/\/steinercomix.de\/wp-content\/uploads\/2015\/11\/Staubtrocken.jpg 1400w\" sizes=\"(max-width: 150px) 100vw, 150px\" \/><\/a><em><a href=\"http:\/\/sos-stromsperre.de\/zahlungsprobleme\/\">Illustrationen f\u00fcr einen Flyer der SWB<\/a><\/em><strong>&#8222;Zappenduster!&#8220; &#8222;Staubtrocken!&#8220;<\/strong> Strom- und Wassersperren vermeiden. Grafik: Ulike Rank, Bremen<\/p>\n<h6><\/h6>\n<p><a href=\"http:\/\/steinercomix.de\/wp-content\/uploads\/2015\/07\/Eggers.gif\"><img loading=\"lazy\" src=\"http:\/\/steinercomix.de\/wp-content\/uploads\/2015\/07\/Eggers-150x105.gif\" alt=\"Eggers\" width=\"150\" height=\"105\" class=\"alignleft size-thumbnail wp-image-8684\" srcset=\"http:\/\/steinercomix.de\/wp-content\/uploads\/2015\/07\/Eggers-150x105.gif 150w, http:\/\/steinercomix.de\/wp-content\/uploads\/2015\/07\/Eggers-300x211.gif 300w, http:\/\/steinercomix.de\/wp-content\/uploads\/2015\/07\/Eggers-1024x720.gif 1024w\" sizes=\"(max-width: 150px) 100vw, 150px\" \/><\/a><em><a href=\" http:\/\/www.martin-eggers.de\/3zu1\/\">Illustration zur Potsdamer Verkehrspolitik<\/a><\/em><strong>3:1 statt 4:0 &#8211; knappe Fl\u00e4chen sinnvoll nutzen<\/strong> Eine Initiative von Martin Eggers (2015)<\/p>\n<h6><\/h6>\n<p><a href=\"http:\/\/steinercomix.de\/wp-content\/uploads\/2015\/06\/GALERIE.gif\"><img loading=\"lazy\" src=\"http:\/\/steinercomix.de\/wp-content\/uploads\/2015\/06\/GALERIE-150x114.gif\" alt=\"GALERIE\" width=\"150\" height=\"114\" class=\"alignleft size-thumbnail wp-image-8568\" srcset=\"http:\/\/steinercomix.de\/wp-content\/uploads\/2015\/06\/GALERIE-150x114.gif 150w, http:\/\/steinercomix.de\/wp-content\/uploads\/2015\/06\/GALERIE-300x228.gif 300w\" sizes=\"(max-width: 150px) 100vw, 150px\" \/><\/a><em><a href=\"http:\/\/www.psychologie-heute.de\/archiv\/detailansicht\/news\/ich_kann_mir_gesichter_einfach_nicht_merken\/?tx_ttnews[sViewPointer]=1\">Psychologie Heute 11\/ 2014<\/a><\/em><strong>\u201eIch kann mir Gesichter einfach nicht merken\u201c<\/strong>Beitrag von Stephanie Jaeckel \u00fcber Prosopagnosie<\/strong><\/p>\n<h6><\/h6>\n<p><a href=\"http:\/\/steinercomix.de\/wp-content\/uploads\/2012\/02\/Kirche_Geld.gif\"><img loading=\"lazy\" src=\"http:\/\/steinercomix.de\/wp-content\/uploads\/2012\/02\/Kirche_Geld-150x97.gif\" alt=\"Kirche_Geld\" width=\"150\" height=\"97\" class=\"alignleft size-thumbnail wp-image-6634\" srcset=\"http:\/\/steinercomix.de\/wp-content\/uploads\/2012\/02\/Kirche_Geld-150x97.gif 150w, http:\/\/steinercomix.de\/wp-content\/uploads\/2012\/02\/Kirche_Geld-300x194.gif 300w\" sizes=\"(max-width: 150px) 100vw, 150px\" \/><\/a><em><a href=\"http:\/\/www.kirche-bremen.de\/start\/bremer_kirchenzeitung.php \">bremer kirchenzeitung 3\/ 2014<\/a><\/em><strong>&#8222;Die Kirche und das liebe Geld&#8220;<\/strong><a href=\"http:\/\/www.kirche-bremen.de\/downloads\/21_Jun.BEK12_13_klein.pdf\">Illustriertes Poster als PDF-Download<\/a><\/p>\n<h6><\/h6>\n<p><a href=\"http:\/\/steinercomix.de\/wp-content\/uploads\/2012\/02\/Brandstroem.gif\"><img loading=\"lazy\" class=\"alignleft size-thumbnail wp-image-3999\" src=\"http:\/\/steinercomix.de\/wp-content\/uploads\/2012\/02\/Brandstroem-150x105.gif\" alt=\"Brandstroem\" width=\"150\" height=\"105\" srcset=\"http:\/\/steinercomix.de\/wp-content\/uploads\/2012\/02\/Brandstroem-150x105.gif 150w, http:\/\/steinercomix.de\/wp-content\/uploads\/2012\/02\/Brandstroem-300x211.gif 300w\" sizes=\"(max-width: 150px) 100vw, 150px\" \/><\/a>Deutsches \u00c4rzteblatt 13\/ 2013<em>Serie Arztbiographien<\/em><strong>Elsa Br\u00e4ndstr\u00f6m<\/strong>Artikel von Petra L\u00f6schke<\/p>\n<h6><\/h6>\n<p><a href=\"http:\/\/steinercomix.de\/wp-content\/uploads\/2013\/03\/L_Wille.gif\"><img loading=\"lazy\" class=\"alignleft size-thumbnail wp-image-3659\" src=\"http:\/\/steinercomix.de\/wp-content\/uploads\/2013\/03\/L_Wille-150x116.gif\" alt=\"Ludwig Wille\" width=\"150\" height=\"116\" srcset=\"http:\/\/steinercomix.de\/wp-content\/uploads\/2013\/03\/L_Wille-150x116.gif 150w, http:\/\/steinercomix.de\/wp-content\/uploads\/2013\/03\/L_Wille-300x233.gif 300w, http:\/\/steinercomix.de\/wp-content\/uploads\/2013\/03\/L_Wille.gif 595w\" sizes=\"(max-width: 150px) 100vw, 150px\" \/><\/a>Deutsches \u00c4rzteblatt 9\/ 2013<em>Serie Arztbiographien<\/em><strong>Ludwig Wille<\/strong>Artikel von Christof Goddemeier<\/p>\n<h6><\/h6>\n<p><a href=\"http:\/\/steinercomix.de\/?attachment_id=3520\" rel=\"attachment wp-att-3520\"><img loading=\"lazy\" class=\"alignleft size-thumbnail wp-image-3520\" title=\"Carl Gustav Jung\" src=\"http:\/\/steinercomix.de\/wp-content\/uploads\/2012\/02\/CGJung-150x108.gif\" alt=\"\" width=\"150\" height=\"108\" srcset=\"http:\/\/steinercomix.de\/wp-content\/uploads\/2012\/02\/CGJung-150x108.gif 150w, http:\/\/steinercomix.de\/wp-content\/uploads\/2012\/02\/CGJung-300x216.gif 300w, http:\/\/steinercomix.de\/wp-content\/uploads\/2012\/02\/CGJung.gif 450w\" sizes=\"(max-width: 150px) 100vw, 150px\" \/><\/a>Deutsches \u00c4rzteblatt 38\/ 2011<em>Serie Arztbiographien<\/em><strong>Carl Gustav Jung<\/strong>Artikel von Christof Goddemeier<\/p>\n<h6><\/h6>\n<p><a href=\"http:\/\/steinercomix.de\/?attachment_id=249\" rel=\"attachment wp-att-249\"><img loading=\"lazy\" class=\"alignleft size-thumbnail wp-image-249\" title=\"Bernhard von Gudden\" src=\"http:\/\/steinercomix.de\/wp-content\/uploads\/2012\/02\/vgudden-150x102.gif\" alt=\"Bernhard von Gudden\" width=\"150\" height=\"102\" srcset=\"http:\/\/steinercomix.de\/wp-content\/uploads\/2012\/02\/vgudden-150x102.gif 150w, http:\/\/steinercomix.de\/wp-content\/uploads\/2012\/02\/vgudden-300x204.gif 300w, http:\/\/steinercomix.de\/wp-content\/uploads\/2012\/02\/vgudden.gif 425w\" sizes=\"(max-width: 150px) 100vw, 150px\" \/><\/a>Deutsches \u00c4rzteblatt 25\/ 2011<em>Serie Arztbiographien<\/em><strong>Bernhard von Gudden<\/strong>Artikel von Christof Goddemeier<\/p>\n<h6><\/h6>\n<p><a href=\"http:\/\/steinercomix.de\/?attachment_id=252\" rel=\"attachment wp-att-252\"><img loading=\"lazy\" class=\"alignleft size-thumbnail wp-image-252\" title=\"Lydia Rabinowitsch-Kempner\" src=\"http:\/\/steinercomix.de\/wp-content\/uploads\/2012\/02\/rabinowi-150x104.gif\" alt=\"Lydia Rabinowitsch-Kempner\" width=\"150\" height=\"104\" srcset=\"http:\/\/steinercomix.de\/wp-content\/uploads\/2012\/02\/rabinowi-150x104.gif 150w, http:\/\/steinercomix.de\/wp-content\/uploads\/2012\/02\/rabinowi-300x209.gif 300w, http:\/\/steinercomix.de\/wp-content\/uploads\/2012\/02\/rabinowi.gif 425w\" sizes=\"(max-width: 150px) 100vw, 150px\" \/><\/a> Deutsches \u00c4rzteblatt 37\/ 2010<em>Serie Arztbiographien<\/em><strong>Lydia Rabinowitsch-Kempner<\/strong>Artikel von Gisela Klinkhammer<\/p>\n<h6><\/h6>\n<p><a href=\"http:\/\/steinercomix.de\/?attachment_id=248\" rel=\"attachment wp-att-248\"><img loading=\"lazy\" class=\"alignleft size-thumbnail wp-image-248\" title=\"Risikokommunikation\" src=\"http:\/\/steinercomix.de\/wp-content\/uploads\/2012\/02\/risiko-150x85.gif\" alt=\"Risikokommunikation\" width=\"150\" height=\"85\" srcset=\"http:\/\/steinercomix.de\/wp-content\/uploads\/2012\/02\/risiko-150x85.gif 150w, http:\/\/steinercomix.de\/wp-content\/uploads\/2012\/02\/risiko-300x171.gif 300w, http:\/\/steinercomix.de\/wp-content\/uploads\/2012\/02\/risiko.gif 500w\" sizes=\"(max-width: 150px) 100vw, 150px\" \/><\/a> Deutsches \u00c4rzteblatt 9\/ 2011<strong>Risikokommunikation: Risiken und Unsicherheiten richtig verstehen lernen<\/strong>Dr. rer. nat. Odette Wegwarth \/ Prof. Dr. phil. Gerd Gigerenzer<\/p>\n<h6><\/h6>\n<p><a href=\"http:\/\/steinercomix.de\/wp-content\/uploads\/2012\/02\/Betrieb.gif\"><img loading=\"lazy\" class=\"alignleft size-thumbnail wp-image-4210\" src=\"http:\/\/steinercomix.de\/wp-content\/uploads\/2012\/02\/Betrieb-150x111.gif\" alt=\"Betrieb\" width=\"150\" height=\"111\" srcset=\"http:\/\/steinercomix.de\/wp-content\/uploads\/2012\/02\/Betrieb-150x111.gif 150w, http:\/\/steinercomix.de\/wp-content\/uploads\/2012\/02\/Betrieb-300x222.gif 300w\" sizes=\"(max-width: 150px) 100vw, 150px\" \/><\/a> Deutsches \u00c4rzteblatt 10\/ 2013<strong>Ein Betrieb, der krank macht<\/strong>von Leonhard Ehlen<\/p>\n<h6><\/h6>\n<p><a href=\"http:\/\/steinercomix.de\/?attachment_id=253\" rel=\"attachment wp-att-253\"><img loading=\"lazy\" class=\"alignleft size-thumbnail wp-image-253\" title=\"Cappuccinogeschichten\" src=\"http:\/\/steinercomix.de\/wp-content\/uploads\/2012\/02\/cappucc1-150x109.gif\" alt=\"Cappuccinogeschichten\" width=\"150\" height=\"109\" srcset=\"http:\/\/steinercomix.de\/wp-content\/uploads\/2012\/02\/cappucc1-150x109.gif 150w, http:\/\/steinercomix.de\/wp-content\/uploads\/2012\/02\/cappucc1-300x218.gif 300w, http:\/\/steinercomix.de\/wp-content\/uploads\/2012\/02\/cappucc1.gif 425w\" sizes=\"(max-width: 150px) 100vw, 150px\" \/><\/a>Deutsches \u00c4rzteblatt 5\/ 2010<strong>Cappuccinogeschichten<\/strong>von Anita Dumitrescu<\/p>\n<h6><\/h6>\n<p><a href=\"http:\/\/steinercomix.de\/?attachment_id=255\" rel=\"attachment wp-att-255\"><img loading=\"lazy\" class=\"alignleft size-thumbnail wp-image-255\" title=\"Cappuccinogeschichten 3\" src=\"http:\/\/steinercomix.de\/wp-content\/uploads\/2012\/02\/cappucc3-150x103.gif\" alt=\"Cappuccinogeschichten 3\" width=\"150\" height=\"103\" srcset=\"http:\/\/steinercomix.de\/wp-content\/uploads\/2012\/02\/cappucc3-150x103.gif 150w, http:\/\/steinercomix.de\/wp-content\/uploads\/2012\/02\/cappucc3-300x207.gif 300w, http:\/\/steinercomix.de\/wp-content\/uploads\/2012\/02\/cappucc3.gif 425w\" sizes=\"(max-width: 150px) 100vw, 150px\" \/><\/a>Deutsches \u00c4rzteblatt 5\/ 2010<strong>Cappuccinogeschichten<\/strong>von Anita Dumitrescu<\/p>\n<h6><\/h6>\n<p><a href=\"http:\/\/steinercomix.de\/wp-content\/uploads\/2012\/02\/Schirm.gif\"><img loading=\"lazy\" class=\"alignleft size-thumbnail wp-image-4209\" src=\"http:\/\/steinercomix.de\/wp-content\/uploads\/2012\/02\/Schirm-150x94.gif\" alt=\"Schirm\" width=\"150\" height=\"94\" srcset=\"http:\/\/steinercomix.de\/wp-content\/uploads\/2012\/02\/Schirm-150x94.gif 150w, http:\/\/steinercomix.de\/wp-content\/uploads\/2012\/02\/Schirm-300x188.gif 300w\" sizes=\"(max-width: 150px) 100vw, 150px\" \/><\/a> Deutsches \u00c4rzteblatt Studieren.de 2\/ 2013<strong>Immuntherapie gegen Pharmaindustrie<\/strong>von Eugenie Wulfert<\/p>\n<h6><\/h6>\n<p><a href=\"http:\/\/steinercomix.de\/?attachment_id=256\" rel=\"attachment wp-att-256\"><img loading=\"lazy\" class=\"alignleft size-thumbnail wp-image-256\" title=\"Campe Campe Janda Architekten BDA\" src=\"http:\/\/steinercomix.de\/wp-content\/uploads\/2012\/02\/CCJNeu-150x106.gif\" alt=\"Campe Campe Janda Architekten BDA\" width=\"150\" height=\"106\" srcset=\"http:\/\/steinercomix.de\/wp-content\/uploads\/2012\/02\/CCJNeu-150x106.gif 150w, http:\/\/steinercomix.de\/wp-content\/uploads\/2012\/02\/CCJNeu-300x213.gif 300w, http:\/\/steinercomix.de\/wp-content\/uploads\/2012\/02\/CCJNeu.gif 425w\" sizes=\"(max-width: 150px) 100vw, 150px\" \/><\/a>Illustration zum Umzug<a href=\"http:\/\/www.ccj-architekten.de\/\" target=\"_blank\"><strong>Campe Campe Janda Architekten BDA<\/strong><\/a>Bremen 2009<\/p>\n<h6><\/h6>\n<p><a href=\"http:\/\/steinercomix.de\/?attachment_id=259\" rel=\"attachment wp-att-259\"><img loading=\"lazy\" class=\"alignleft size-thumbnail wp-image-259\" title=\"Hirngespinste der P\u00e4dagogik\" src=\"http:\/\/steinercomix.de\/wp-content\/uploads\/2012\/02\/hirn-108x150.gif\" alt=\"Hirngespinste der P\u00e4dagogik\" width=\"108\" height=\"150\" srcset=\"http:\/\/steinercomix.de\/wp-content\/uploads\/2012\/02\/hirn-108x150.gif 108w, http:\/\/steinercomix.de\/wp-content\/uploads\/2012\/02\/hirn-216x300.gif 216w, http:\/\/steinercomix.de\/wp-content\/uploads\/2012\/02\/hirn.gif 306w\" sizes=\"(max-width: 108px) 100vw, 108px\" \/><\/a>Psychologie Heute 11\/ 2009<strong>Hirngespinste der P\u00e4dagogik<\/strong>von Nicole Becker<\/p>\n<h6><\/h6>\n<p><a href=\"http:\/\/steinercomix.de\/?attachment_id=262\" rel=\"attachment wp-att-262\"><img loading=\"lazy\" class=\"alignleft size-thumbnail wp-image-262\" title=\"Wo wohnt das Ich?\" src=\"http:\/\/steinercomix.de\/wp-content\/uploads\/2012\/02\/dasich1-111x150.gif\" alt=\"Wo wohnt das Ich?\" width=\"111\" height=\"150\" srcset=\"http:\/\/steinercomix.de\/wp-content\/uploads\/2012\/02\/dasich1-111x150.gif 111w, http:\/\/steinercomix.de\/wp-content\/uploads\/2012\/02\/dasich1-223x300.gif 223w, http:\/\/steinercomix.de\/wp-content\/uploads\/2012\/02\/dasich1.gif 317w\" sizes=\"(max-width: 111px) 100vw, 111px\" \/><\/a> Psychologie Heute Nr. 12\/ 2008<strong>Where does the Ego live?<\/strong>by Thomas Saum-Aldehoff<\/p>\n<h6><\/h6>\n<p><a href=\"http:\/\/steinercomix.de\/?attachment_id=266\" rel=\"attachment wp-att-266\"><img loading=\"lazy\" class=\"alignleft size-thumbnail wp-image-266\" title=\"Das schwierige Gl\u00fcck guter Freundschaft\" src=\"http:\/\/steinercomix.de\/wp-content\/uploads\/2012\/02\/freundschaft-112x150.gif\" alt=\"Das schwierige Gl\u00fcck guter Freundschaft\" width=\"112\" height=\"150\" srcset=\"http:\/\/steinercomix.de\/wp-content\/uploads\/2012\/02\/freundschaft-112x150.gif 112w, http:\/\/steinercomix.de\/wp-content\/uploads\/2012\/02\/freundschaft-224x300.gif 224w, http:\/\/steinercomix.de\/wp-content\/uploads\/2012\/02\/freundschaft.gif 318w\" sizes=\"(max-width: 112px) 100vw, 112px\" \/><\/a>Psychologie Heute Nr. 5\/ 2005<strong>Das schwierige Gl\u00fcck guter Freundschaft<\/strong>von Martin Hecht<\/p>\n<h6><\/h6>\n<p><a href=\"http:\/\/steinercomix.de\/?attachment_id=267\" rel=\"attachment wp-att-267\"><img loading=\"lazy\" class=\"alignleft size-thumbnail wp-image-267\" title=\"Gesetzesl\u00fccke Samenspende\" src=\"http:\/\/steinercomix.de\/wp-content\/uploads\/2012\/02\/samen-106x150.gif\" alt=\"Gesetzesl\u00fccke Samenspende\" width=\"106\" height=\"150\" srcset=\"http:\/\/steinercomix.de\/wp-content\/uploads\/2012\/02\/samen-106x150.gif 106w, http:\/\/steinercomix.de\/wp-content\/uploads\/2012\/02\/samen-213x300.gif 213w, http:\/\/steinercomix.de\/wp-content\/uploads\/2012\/02\/samen.gif 303w\" sizes=\"(max-width: 106px) 100vw, 106px\" \/><\/a>Siegess\u00e4ule queer Berlin 4\/ 2011<strong>Gesetzesl\u00fccke Samenspende<\/strong><\/p>\n<h6><\/h6>\n<p><a href=\"http:\/\/steinercomix.de\/wp-content\/uploads\/2012\/02\/Tip.gif\"><img loading=\"lazy\" class=\"alignleft size-thumbnail wp-image-3988\" src=\"http:\/\/steinercomix.de\/wp-content\/uploads\/2012\/02\/Tip-150x90.gif\" alt=\"Tip\" width=\"150\" height=\"90\" srcset=\"http:\/\/steinercomix.de\/wp-content\/uploads\/2012\/02\/Tip-150x90.gif 150w, http:\/\/steinercomix.de\/wp-content\/uploads\/2012\/02\/Tip-300x181.gif 300w\" sizes=\"(max-width: 150px) 100vw, 150px\" \/><\/a>Tip Berlin 5\/ 2013<strong>Kampf um Kinder &#8211; Brennpunktschulen<\/strong>Artikel von Sabine K\u00e4sbohrer<\/p>\n<h6><\/h6>\n<p><a href=\"http:\/\/steinercomix.de\/?attachment_id=268\" rel=\"attachment wp-att-268\"><img loading=\"lazy\" class=\"alignleft size-thumbnail wp-image-268\" title=\"Peermediation Hinter Gittern\" src=\"http:\/\/steinercomix.de\/wp-content\/uploads\/2012\/02\/mediation2-150x102.gif\" alt=\"Peermediation Hinter Gittern\" width=\"150\" height=\"102\" srcset=\"http:\/\/steinercomix.de\/wp-content\/uploads\/2012\/02\/mediation2-150x102.gif 150w, http:\/\/steinercomix.de\/wp-content\/uploads\/2012\/02\/mediation2-300x204.gif 300w, http:\/\/steinercomix.de\/wp-content\/uploads\/2012\/02\/mediation2.gif 425w\" sizes=\"(max-width: 150px) 100vw, 150px\" \/><\/a><strong>Peermediation Hinter Gittern<\/strong>Jugendstrafanstalt Berlin 2009<\/p>\n<h6><\/h6>\n<p><a href=\"http:\/\/steinercomix.de\/?attachment_id=273\" rel=\"attachment wp-att-273\"><img loading=\"lazy\" class=\"alignleft size-thumbnail wp-image-273\" title=\"Aktiv in Kirche und Diakonie - Thema Burn-Out\" src=\"http:\/\/steinercomix.de\/wp-content\/uploads\/2012\/02\/kirche1-150x110.gif\" alt=\"Aktiv in Kirche und Diakonie - Thema Burn-Out\" width=\"150\" height=\"110\" srcset=\"http:\/\/steinercomix.de\/wp-content\/uploads\/2012\/02\/kirche1-150x110.gif 150w, http:\/\/steinercomix.de\/wp-content\/uploads\/2012\/02\/kirche1-300x220.gif 300w, http:\/\/steinercomix.de\/wp-content\/uploads\/2012\/02\/kirche1.gif 425w\" sizes=\"(max-width: 150px) 100vw, 150px\" \/><\/a>BEK Forum November-Dezember 2010<strong>Aktiv in Kirche und Diakonie &#8211; Thema Burn-Out<\/strong><\/p>\n<h6><\/h6>\n<p><a href=\"http:\/\/steinercomix.de\/?attachment_id=274\" rel=\"attachment wp-att-274\"><img loading=\"lazy\" class=\"alignleft size-thumbnail wp-image-274\" title=\"Aktiv in Kirche und Diakonie - Thema Burn-Out\" src=\"http:\/\/steinercomix.de\/wp-content\/uploads\/2012\/02\/kirche2-150x105.gif\" alt=\"Aktiv in Kirche und Diakonie - Thema Burn-Out\" width=\"150\" height=\"105\" srcset=\"http:\/\/steinercomix.de\/wp-content\/uploads\/2012\/02\/kirche2-150x105.gif 150w, http:\/\/steinercomix.de\/wp-content\/uploads\/2012\/02\/kirche2-300x211.gif 300w, http:\/\/steinercomix.de\/wp-content\/uploads\/2012\/02\/kirche2.gif 425w\" sizes=\"(max-width: 150px) 100vw, 150px\" \/><\/a>BEK Forum November-Dezember 2010<strong>Aktiv in Kirche und Diakonie &#8211; Thema Burn-Out<\/strong><\/p>\n<h6><\/h6>\n<p><a href=\"http:\/\/steinercomix.de\/?attachment_id=278\" rel=\"attachment wp-att-278\"><img loading=\"lazy\" class=\"alignleft size-thumbnail wp-image-278\" title=\"\" src=\"http:\/\/steinercomix.de\/wp-content\/uploads\/2012\/02\/aquagymn-150x143.gif\" alt=\"\" width=\"150\" height=\"143\" srcset=\"http:\/\/steinercomix.de\/wp-content\/uploads\/2012\/02\/aquagymn-150x143.gif 150w, http:\/\/steinercomix.de\/wp-content\/uploads\/2012\/02\/aquagymn-300x286.gif 300w, http:\/\/steinercomix.de\/wp-content\/uploads\/2012\/02\/aquagymn.gif 425w\" sizes=\"(max-width: 150px) 100vw, 150px\" \/><\/a>Tip Spezial M\u00e4rz 2010<strong>&#8222;Sportsfreund&#8220; Selbstversuch Aqua Fitness<\/strong>von Stephan Gantzel<\/p>\n<h6><\/h6>\n<p><a href=\"http:\/\/steinercomix.de\/wp-content\/uploads\/2012\/09\/Akelei.gif\"><img loading=\"lazy\" class=\"alignleft size-thumbnail wp-image-2298\" src=\"http:\/\/steinercomix.de\/wp-content\/uploads\/2012\/09\/Akelei-150x94.gif\" alt=\"Akelei\" width=\"150\" height=\"94\" srcset=\"http:\/\/steinercomix.de\/wp-content\/uploads\/2012\/09\/Akelei-150x94.gif 150w, http:\/\/steinercomix.de\/wp-content\/uploads\/2012\/09\/Akelei-300x189.gif 300w, http:\/\/steinercomix.de\/wp-content\/uploads\/2012\/09\/Akelei.gif 674w\" sizes=\"(max-width: 150px) 100vw, 150px\" \/><\/a>Akelei e.V.<strong>Einladung zur Feier des Jubil\u00e4ums<\/strong>20 Jahre Akelei e.V. &#8211; Berufswegplanung mit Frauen<\/p>\n<h6><\/h6>\n<p><\/p>","protected":false},"excerpt":{"rendered":"<p>Illustration f\u00fcr das BEK Forum, November 2015Fl\u00fcchtlingskirche Berlin Illustrationen f\u00fcr einen Flyer der SWB&#8222;Zappenduster!&#8220; &#8222;Staubtrocken!&#8220; Strom- und Wassersperren vermeiden. Grafik: Ulike Rank, Bremen Illustration zur Potsdamer Verkehrspolitik3:1 statt&#8230;<\/p>\n","protected":false},"author":1,"featured_media":0,"parent":0,"menu_order":3,"comment_status":"closed","ping_status":"closed","template":"","meta":[],"_links":{"self":[{"href":"http:\/\/steinercomix.de\/index.php?rest_route=\/wp\/v2\/pages\/9"}],"collection":[{"href":"http:\/\/steinercomix.de\/index.php?rest_route=\/wp\/v2\/pages"}],"about":[{"href":"http:\/\/steinercomix.de\/index.php?rest_route=\/wp\/v2\/types\/page"}],"author":[{"embeddable":true,"href":"http:\/\/steinercomix.de\/index.php?rest_route=\/wp\/v2\/users\/1"}],"replies":[{"embeddable":true,"href":"http:\/\/steinercomix.de\/index.php?rest_route=%2Fwp%2Fv2%2Fcomments&post=9"}],"version-history":[{"count":339,"href":"http:\/\/steinercomix.de\/index.php?rest_route=\/wp\/v2\/pages\/9\/revisions"}],"predecessor-version":[{"id":9152,"href":"http:\/\/steinercomix.de\/index.php?rest_route=\/wp\/v2\/pages\/9\/revisions\/9152"}],"wp:attachment":[{"href":"http:\/\/steinercomix.de\/index.php?rest_route=%2Fwp%2Fv2%2Fmedia&parent=9"}],"curies":[{"name":"wp","href":"https:\/\/api.w.org\/{rel}","templated":true}]}}