{"id":11,"date":"2012-02-29T07:34:54","date_gmt":"2012-02-29T06:34:54","guid":{"rendered":"http:\/\/steinercomix.de\/blog\/?page_id=11"},"modified":"2016-04-16T09:28:55","modified_gmt":"2016-04-16T08:28:55","slug":"workshops","status":"publish","type":"page","link":"http:\/\/steinercomix.de\/?page_id=11","title":{"rendered":"Comic-Workshops"},"content":{"rendered":"<p><strong>Workshops<\/strong>\u00a0(Auswahl)<\/p>\n<table border=\"0\" cellspacing=\"0\" cellpadding=\"5\">\n<tbody>\n<tr valign=\"top\">\n<td>2016<\/td>\n<td>\nInternationaler Comic-Salon Erlangen<br \/>\nInternationales LGBT-Filmfestival Side-By-Side St. Petersburg<br \/>\nBerliner Stadtmission, Fl\u00fcchtlingszentrum Berlin-Spandau<br \/>\nWetek Berlin gGmbH, Bildungstr\u00e4ger<br \/>\n<\/tr>\n<tr valign=\"top\">\n<td>2015<\/td>\n<td>\nWetek Berlin gGmbH, Bildungstr\u00e4ger<br \/>\nHelsinki Comix Festival<br \/>\nInternationales LGBT-Filmfestival Side-By-Side Moskau, Perm, Murmansk<br \/>\n<\/tr>\n<tr valign=\"top\">\n<td>2014<\/td>\n<td>\nInternationales LGBT-Filmfestival Side-By-Side, St. Petersburg<br \/>\nProjekt HUMRA, Goethe-Institut Moskau<br \/>\nRESPECT\/ Juristische Konferenz Nordkaukasus, Universit\u00e4t Groznyi<br \/>\nRESPECT\/ Heinrich B\u00f6ll-Stiftung\/ NGO Sintem, Groznyi<br \/>\nInternationaler Comic-Salon Erlangen<\/td>\n<\/tr>\n<tr valign=\"top\">\n<td>2013<\/td>\n<td>Kunsthaus Dresden<br \/>\nThe Feminist Pencil &#8211; 2 Moskau<br \/>\nJ\u00fcdisches Museum Rendsburg\/ Schleswig-Holsteinischer Heimatbund<br \/>\nComicademy School of Comic Arts Berlin<\/td>\n<\/tr>\n<tr valign=\"top\">\n<td>2012<\/td>\n<td>G\u00f6ttinger Kinder- und Jugendbuchwoche der GEW\/ KZ-Gedenkst\u00e4tte Moringen<br \/>\nHatikva e.V. Dresden<br \/>\nJ\u00fcdisches Museum Rendsburg\/ Schleswig-Holsteinischer Heimatbund<br \/>\nInternationaler Comic-Salon Erlangen<br \/>\nComicfestival KomMissia Moskau<\/td>\n<\/tr>\n<tr valign=\"top\">\n<td>2011<\/td>\n<td>Fachtagung &#8222;Comics machen Schule&#8220; Berlin<br \/>\nWaldorfschule &#8222;Raduga\/ Regenbogen&#8220; Woronesch<br \/>\nLehrstuhl Deutsche Philologie Rostow-am-Don<br \/>\nJ\u00fcdisches Museum Rendsburg\/ Dr. Bamberger-Haus<\/td>\n<\/tr>\n<tr valign=\"top\">\n<td>2010<\/td>\n<td>J\u00fcdisches Museum Rendsburg\/ Dr. Bamberger-Haus<\/td>\n<\/tr>\n<tr valign=\"top\">\n<td>2009<\/td>\n<td>Nordische Botschaften Berlin<br \/>\nJugendstrafanstalt Berlin<br \/>\nSchulzentrum Walle Bremen<br \/>\nBundesverleihung &#8222;Starke Schule&#8220; Berlin<\/td>\n<\/tr>\n<tr valign=\"top\">\n<td>2008<\/td>\n<td>J\u00fcdisches Museum Rendsburg\/ Dr. Bamberger-Haus<\/td>\n<\/tr>\n<tr valign=\"top\">\n<td>2007<\/td>\n<td>Diesterweg Grundschule Wurzen<br \/>\nJ\u00fcdisches Museum Rendsburg\/ Dr. Bamberger-Haus<br \/>\nKZ-Gedenkst\u00e4tte Moringen<\/td>\n<\/tr>\n<tr valign=\"top\">\n<td>2006<\/td>\n<td>St\u00e4dtische Aktionswoche Sch\u00f6ningen<br \/>\nJ\u00fcdisches Museum Rendsburg\/ Dr. Bamberger-Haus<\/td>\n<\/tr>\n<tr valign=\"top\">\n<td>2005<\/td>\n<td>Aktives Museum Spiegelgasse Wiesbaden<\/td>\n<\/tr>\n<tr valign=\"top\">\n<td>2003<\/td>\n<td>Kapitel 8 -Evangelisches Informationszentrum Bremen<\/td>\n<\/tr>\n<tr valign=\"top\">\n<td>2002<\/td>\n<td>Arbeiterwohlfahrt AWO Gettorf<\/td>\n<\/tr>\n<\/tbody>\n<\/table>\n<p>Auf Nachfrage schicke ich gerne Informationsmaterial.<\/p>\n<p><\/p>","protected":false},"excerpt":{"rendered":"<p>Workshops\u00a0(Auswahl) 2016 Internationaler Comic-Salon Erlangen Internationales LGBT-Filmfestival Side-By-Side St. Petersburg Berliner Stadtmission, Fl\u00fcchtlingszentrum Berlin-Spandau Wetek Berlin gGmbH, Bildungstr\u00e4ger 2015 Wetek Berlin gGmbH, Bildungstr\u00e4ger Helsinki Comix Festival Internationales LGBT-Filmfestival&#8230;<\/p>\n","protected":false},"author":1,"featured_media":0,"parent":0,"menu_order":4,"comment_status":"closed","ping_status":"closed","template":"","meta":[],"_links":{"self":[{"href":"http:\/\/steinercomix.de\/index.php?rest_route=\/wp\/v2\/pages\/11"}],"collection":[{"href":"http:\/\/steinercomix.de\/index.php?rest_route=\/wp\/v2\/pages"}],"about":[{"href":"http:\/\/steinercomix.de\/index.php?rest_route=\/wp\/v2\/types\/page"}],"author":[{"embeddable":true,"href":"http:\/\/steinercomix.de\/index.php?rest_route=\/wp\/v2\/users\/1"}],"replies":[{"embeddable":true,"href":"http:\/\/steinercomix.de\/index.php?rest_route=%2Fwp%2Fv2%2Fcomments&post=11"}],"version-history":[{"count":172,"href":"http:\/\/steinercomix.de\/index.php?rest_route=\/wp\/v2\/pages\/11\/revisions"}],"predecessor-version":[{"id":6853,"href":"http:\/\/steinercomix.de\/index.php?rest_route=\/wp\/v2\/pages\/11\/revisions\/6853"}],"wp:attachment":[{"href":"http:\/\/steinercomix.de\/index.php?rest_route=%2Fwp%2Fv2%2Fmedia&parent=11"}],"curies":[{"name":"wp","href":"https:\/\/api.w.org\/{rel}","templated":true}]}}